{"id":4782,"date":"2025-11-05T12:00:26","date_gmt":"2025-11-05T15:00:26","guid":{"rendered":"https:\/\/esencia-india.com\/?post_type=product&#038;p=4782"},"modified":"2025-11-17T14:21:49","modified_gmt":"2025-11-17T17:21:49","slug":"zafu-de-meditacion-elasientodebuda","status":"publish","type":"product","link":"https:\/\/esencia-india.com\/tienda\/producto\/zafu-de-meditacion-elasientodebuda\/","title":{"rendered":"Zafu de Meditaci\u00f3n 100% artesanal &#8211; Elasientodebuda"},"content":{"rendered":"","protected":false},"excerpt":{"rendered":"<p>Dise\u00f1ado para brindarte comodidad y alineaci\u00f3n en tu pr\u00e1ctica diaria de meditaci\u00f3n, con materiales de excelente calidad.<\/p>\n<p>Caracter\u00edsticas:<br \/>\n* Relleno natural de Viruta de madera sin tratar\/Lavanda\/Romero\/Pimienta Negra<br \/>\n* Funda confeccionada en 100% algod\u00f3n de alta calidad<br \/>\n* Hecho a mano en Argentina con atenci\u00f3n al detalle<br \/>\n* Medidas: 30 cm de di\u00e1metro x 17 cm de alto<\/p>\n<p>Ideal para:<br \/>\n* Meditaci\u00f3n zen y mindfulness<br \/>\n* Clases de yoga y retiros<br \/>\n* Espacios de descanso y relax<\/p>\n","protected":false},"featured_media":4783,"template":"","meta":[],"product_brand":[330],"product_cat":[329,328,331],"product_tag":[],"class_list":{"0":"post-4782","1":"product","2":"type-product","3":"status-publish","4":"has-post-thumbnail","6":"product_brand-el-asiento-de-buda","7":"product_cat-novedad","8":"product_cat-safu","9":"product_cat-yogameditacion","10":"description-off","12":"first","13":"instock","14":"virtual","15":"purchasable","16":"product-type-simple"},"yoast_head":"<!-- This site is optimized with the Yoast SEO plugin v27.1.1 - https:\/\/yoast.com\/product\/yoast-seo-wordpress\/ -->\n<title>Zafu de Meditaci\u00f3n 100% artesanal - Elasientodebuda - Esencia India<\/title>\n<meta name=\"robots\" content=\"noindex, follow\" \/>\n<meta property=\"og:locale\" content=\"es_ES\" \/>\n<meta property=\"og:type\" content=\"article\" \/>\n<meta property=\"og:title\" content=\"Zafu de Meditaci\u00f3n 100% artesanal - Elasientodebuda - Esencia India\" \/>\n<meta property=\"og:description\" content=\"Dise\u00f1ado para brindarte comodidad y alineaci\u00f3n en tu pr\u00e1ctica diaria de meditaci\u00f3n, con materiales de excelente calidad.  Caracter\u00edsticas: * Relleno natural de Viruta de madera sin tratar\/Lavanda\/Romero\/Pimienta Negra * Funda confeccionada en 100% algod\u00f3n de alta calidad * Hecho a mano en Argentina con atenci\u00f3n al detalle * Medidas: 30 cm de di\u00e1metro x 17 cm de alto  Ideal para: * Meditaci\u00f3n zen y mindfulness * Clases de yoga y retiros * Espacios de descanso y relax\" \/>\n<meta property=\"og:url\" content=\"https:\/\/esencia-india.com\/tienda\/producto\/zafu-de-meditacion-elasientodebuda\/\" \/>\n<meta property=\"og:site_name\" content=\"Esencia India\" \/>\n<meta property=\"article:modified_time\" content=\"2025-11-17T17:21:49+00:00\" \/>\n<meta property=\"og:image\" content=\"https:\/\/esencia-india.com\/tienda\/wp-content\/uploads\/2025\/11\/6b561da5-ea22-4683-867f-9b69c8cf203e.jpg\" \/>\n\t<meta property=\"og:image:width\" content=\"1600\" \/>\n\t<meta property=\"og:image:height\" content=\"1574\" \/>\n\t<meta property=\"og:image:type\" content=\"image\/jpeg\" \/>\n<meta name=\"twitter:card\" content=\"summary_large_image\" \/>\n<script type=\"application\/ld+json\" class=\"yoast-schema-graph\">{\"@context\":\"https:\/\/schema.org\",\"@graph\":[{\"@type\":\"WebPage\",\"@id\":\"https:\/\/esencia-india.com\/tienda\/producto\/zafu-de-meditacion-elasientodebuda\/\",\"url\":\"https:\/\/esencia-india.com\/tienda\/producto\/zafu-de-meditacion-elasientodebuda\/\",\"name\":\"Zafu de Meditaci\u00f3n 100% artesanal - Elasientodebuda - Esencia India\",\"isPartOf\":{\"@id\":\"https:\/\/esencia-india.com\/tienda\/#website\"},\"primaryImageOfPage\":{\"@id\":\"https:\/\/esencia-india.com\/tienda\/producto\/zafu-de-meditacion-elasientodebuda\/#primaryimage\"},\"image\":{\"@id\":\"https:\/\/esencia-india.com\/tienda\/producto\/zafu-de-meditacion-elasientodebuda\/#primaryimage\"},\"thumbnailUrl\":\"https:\/\/esencia-india.com\/tienda\/wp-content\/uploads\/2025\/11\/6b561da5-ea22-4683-867f-9b69c8cf203e.jpg\",\"datePublished\":\"2025-11-05T15:00:26+00:00\",\"dateModified\":\"2025-11-17T17:21:49+00:00\",\"breadcrumb\":{\"@id\":\"https:\/\/esencia-india.com\/tienda\/producto\/zafu-de-meditacion-elasientodebuda\/#breadcrumb\"},\"inLanguage\":\"es\",\"potentialAction\":[{\"@type\":\"ReadAction\",\"target\":[\"https:\/\/esencia-india.com\/tienda\/producto\/zafu-de-meditacion-elasientodebuda\/\"]}]},{\"@type\":\"ImageObject\",\"inLanguage\":\"es\",\"@id\":\"https:\/\/esencia-india.com\/tienda\/producto\/zafu-de-meditacion-elasientodebuda\/#primaryimage\",\"url\":\"https:\/\/esencia-india.com\/tienda\/wp-content\/uploads\/2025\/11\/6b561da5-ea22-4683-867f-9b69c8cf203e.jpg\",\"contentUrl\":\"https:\/\/esencia-india.com\/tienda\/wp-content\/uploads\/2025\/11\/6b561da5-ea22-4683-867f-9b69c8cf203e.jpg\",\"width\":1600,\"height\":1574},{\"@type\":\"BreadcrumbList\",\"@id\":\"https:\/\/esencia-india.com\/tienda\/producto\/zafu-de-meditacion-elasientodebuda\/#breadcrumb\",\"itemListElement\":[{\"@type\":\"ListItem\",\"position\":1,\"name\":\"Portada\",\"item\":\"https:\/\/esencia-india.com\/tienda\/\"},{\"@type\":\"ListItem\",\"position\":2,\"name\":\"Shop\",\"item\":\"https:\/\/esencia-india.com\/tienda\/shop\/\"},{\"@type\":\"ListItem\",\"position\":3,\"name\":\"Zafu de Meditaci\u00f3n 100% artesanal &#8211; Elasientodebuda\"}]},{\"@type\":\"WebSite\",\"@id\":\"https:\/\/esencia-india.com\/tienda\/#website\",\"url\":\"https:\/\/esencia-india.com\/tienda\/\",\"name\":\"Esencia India\",\"description\":\"Villa Gesell\",\"potentialAction\":[{\"@type\":\"SearchAction\",\"target\":{\"@type\":\"EntryPoint\",\"urlTemplate\":\"https:\/\/esencia-india.com\/tienda\/?s={search_term_string}\"},\"query-input\":{\"@type\":\"PropertyValueSpecification\",\"valueRequired\":true,\"valueName\":\"search_term_string\"}}],\"inLanguage\":\"es\"}]}<\/script>\n<!-- \/ Yoast SEO plugin. -->","yoast_head_json":{"title":"Zafu de Meditaci\u00f3n 100% artesanal - Elasientodebuda - Esencia India","robots":{"index":"noindex","follow":"follow"},"og_locale":"es_ES","og_type":"article","og_title":"Zafu de Meditaci\u00f3n 100% artesanal - Elasientodebuda - Esencia India","og_description":"Dise\u00f1ado para brindarte comodidad y alineaci\u00f3n en tu pr\u00e1ctica diaria de meditaci\u00f3n, con materiales de excelente calidad.  Caracter\u00edsticas: * Relleno natural de Viruta de madera sin tratar\/Lavanda\/Romero\/Pimienta Negra * Funda confeccionada en 100% algod\u00f3n de alta calidad * Hecho a mano en Argentina con atenci\u00f3n al detalle * Medidas: 30 cm de di\u00e1metro x 17 cm de alto  Ideal para: * Meditaci\u00f3n zen y mindfulness * Clases de yoga y retiros * Espacios de descanso y relax","og_url":"https:\/\/esencia-india.com\/tienda\/producto\/zafu-de-meditacion-elasientodebuda\/","og_site_name":"Esencia India","article_modified_time":"2025-11-17T17:21:49+00:00","og_image":[{"width":1600,"height":1574,"url":"https:\/\/esencia-india.com\/tienda\/wp-content\/uploads\/2025\/11\/6b561da5-ea22-4683-867f-9b69c8cf203e.jpg","type":"image\/jpeg"}],"twitter_card":"summary_large_image","schema":{"@context":"https:\/\/schema.org","@graph":[{"@type":"WebPage","@id":"https:\/\/esencia-india.com\/tienda\/producto\/zafu-de-meditacion-elasientodebuda\/","url":"https:\/\/esencia-india.com\/tienda\/producto\/zafu-de-meditacion-elasientodebuda\/","name":"Zafu de Meditaci\u00f3n 100% artesanal - Elasientodebuda - Esencia India","isPartOf":{"@id":"https:\/\/esencia-india.com\/tienda\/#website"},"primaryImageOfPage":{"@id":"https:\/\/esencia-india.com\/tienda\/producto\/zafu-de-meditacion-elasientodebuda\/#primaryimage"},"image":{"@id":"https:\/\/esencia-india.com\/tienda\/producto\/zafu-de-meditacion-elasientodebuda\/#primaryimage"},"thumbnailUrl":"https:\/\/esencia-india.com\/tienda\/wp-content\/uploads\/2025\/11\/6b561da5-ea22-4683-867f-9b69c8cf203e.jpg","datePublished":"2025-11-05T15:00:26+00:00","dateModified":"2025-11-17T17:21:49+00:00","breadcrumb":{"@id":"https:\/\/esencia-india.com\/tienda\/producto\/zafu-de-meditacion-elasientodebuda\/#breadcrumb"},"inLanguage":"es","potentialAction":[{"@type":"ReadAction","target":["https:\/\/esencia-india.com\/tienda\/producto\/zafu-de-meditacion-elasientodebuda\/"]}]},{"@type":"ImageObject","inLanguage":"es","@id":"https:\/\/esencia-india.com\/tienda\/producto\/zafu-de-meditacion-elasientodebuda\/#primaryimage","url":"https:\/\/esencia-india.com\/tienda\/wp-content\/uploads\/2025\/11\/6b561da5-ea22-4683-867f-9b69c8cf203e.jpg","contentUrl":"https:\/\/esencia-india.com\/tienda\/wp-content\/uploads\/2025\/11\/6b561da5-ea22-4683-867f-9b69c8cf203e.jpg","width":1600,"height":1574},{"@type":"BreadcrumbList","@id":"https:\/\/esencia-india.com\/tienda\/producto\/zafu-de-meditacion-elasientodebuda\/#breadcrumb","itemListElement":[{"@type":"ListItem","position":1,"name":"Portada","item":"https:\/\/esencia-india.com\/tienda\/"},{"@type":"ListItem","position":2,"name":"Shop","item":"https:\/\/esencia-india.com\/tienda\/shop\/"},{"@type":"ListItem","position":3,"name":"Zafu de Meditaci\u00f3n 100% artesanal &#8211; Elasientodebuda"}]},{"@type":"WebSite","@id":"https:\/\/esencia-india.com\/tienda\/#website","url":"https:\/\/esencia-india.com\/tienda\/","name":"Esencia India","description":"Villa Gesell","potentialAction":[{"@type":"SearchAction","target":{"@type":"EntryPoint","urlTemplate":"https:\/\/esencia-india.com\/tienda\/?s={search_term_string}"},"query-input":{"@type":"PropertyValueSpecification","valueRequired":true,"valueName":"search_term_string"}}],"inLanguage":"es"}]}},"_links":{"self":[{"href":"https:\/\/esencia-india.com\/tienda\/wp-json\/wp\/v2\/product\/4782","targetHints":{"allow":["GET"]}}],"collection":[{"href":"https:\/\/esencia-india.com\/tienda\/wp-json\/wp\/v2\/product"}],"about":[{"href":"https:\/\/esencia-india.com\/tienda\/wp-json\/wp\/v2\/types\/product"}],"wp:featuredmedia":[{"embeddable":true,"href":"https:\/\/esencia-india.com\/tienda\/wp-json\/wp\/v2\/media\/4783"}],"wp:attachment":[{"href":"https:\/\/esencia-india.com\/tienda\/wp-json\/wp\/v2\/media?parent=4782"}],"wp:term":[{"taxonomy":"product_brand","embeddable":true,"href":"https:\/\/esencia-india.com\/tienda\/wp-json\/wp\/v2\/product_brand?post=4782"},{"taxonomy":"product_cat","embeddable":true,"href":"https:\/\/esencia-india.com\/tienda\/wp-json\/wp\/v2\/product_cat?post=4782"},{"taxonomy":"product_tag","embeddable":true,"href":"https:\/\/esencia-india.com\/tienda\/wp-json\/wp\/v2\/product_tag?post=4782"}],"curies":[{"name":"wp","href":"https:\/\/api.w.org\/{rel}","templated":true}]}}