{"id":771,"date":"2025-06-03T04:45:19","date_gmt":"2025-06-03T07:45:19","guid":{"rendered":"https:\/\/esencia-india.com\/?page_id=771"},"modified":"2025-07-22T16:48:46","modified_gmt":"2025-07-22T19:48:46","slug":"yoga-y-meditacion","status":"publish","type":"page","link":"https:\/\/esencia-india.com\/tienda\/yoga-y-meditacion\/","title":{"rendered":"Yoga y Meditaci\u00f3n"},"content":{"rendered":"<div class=\"wpb-content-wrapper\"><p>[vc_row][vc_column][vc_column_text css=\u00bb\u00bb]<\/p>\n<div>Yoga y Meditaci\u00f3n son pr\u00e1cticas milenarias que armonizan cuerpo, mente y esp\u00edritu, promoviendo el bienestar integral. El yoga combina posturas f\u00edsicas (asanas), t\u00e9cnicas de respiraci\u00f3n (pranayama) y relajaci\u00f3n para fortalecer el cuerpo y calmar la mente. La meditaci\u00f3n, por su parte, cultiva la atenci\u00f3n plena, la claridad mental y la conexi\u00f3n espiritual, ayudando a reducir el estr\u00e9s y a vivir en el presente. Juntas, estas disciplinas ofrecen un camino hacia el equilibrio, la paz interior y el autoconocimiento.<\/div>\n<p>[\/vc_column_text][vc_text_separator title=\u00bbBeneficios de Yoga y Meditaci\u00f3n\u00bb color=\u00bbchino\u00bb css=\u00bb\u00bb][vc_column_text css=\u00bb\u00bb]<\/p>\n<div>\n<div class=\"css-146c3p1 r-bcqeeo r-1ttztb7 r-qvutc0 r-37j5jr r-a023e6 r-16dba41 r-1adg3ll r-1b5gpbm r-a8ghvy\" dir=\"ltr\"><\/div>\n<ol dir=\"ltr\" start=\"1\">\n<li>\n<div class=\"css-146c3p1 r-bcqeeo r-1ttztb7 r-qvutc0 r-37j5jr r-a023e6 r-rjixqe r-16dba41\" dir=\"ltr\"><span class=\"css-1jxf684 r-bcqeeo r-1ttztb7 r-qvutc0 r-poiln3 r-b88u0q r-a8ghvy\"><span class=\"css-1jxf684 r-bcqeeo r-1ttztb7 r-qvutc0 r-poiln3\"><span class=\"css-1jxf684 r-bcqeeo r-1ttztb7 r-qvutc0 r-poiln3 r-a8ghvy\">Reducci\u00f3n del estr\u00e9s y la ansiedad<\/span><\/span><\/span><span class=\"css-1jxf684 r-bcqeeo r-1ttztb7 r-qvutc0 r-poiln3 r-a8ghvy\"><span class=\"css-1jxf684 r-bcqeeo r-1ttztb7 r-qvutc0 r-poiln3\">: Calma la mente y regula el sistema nervioso, promoviendo relajaci\u00f3n profunda. <\/span><\/span><\/div>\n<\/li>\n<li>\n<div class=\"css-146c3p1 r-bcqeeo r-1ttztb7 r-qvutc0 r-37j5jr r-a023e6 r-rjixqe r-16dba41\" dir=\"ltr\"><span class=\"css-1jxf684 r-bcqeeo r-1ttztb7 r-qvutc0 r-poiln3 r-b88u0q r-a8ghvy\"><span class=\"css-1jxf684 r-bcqeeo r-1ttztb7 r-qvutc0 r-poiln3\"><span class=\"css-1jxf684 r-bcqeeo r-1ttztb7 r-qvutc0 r-poiln3 r-a8ghvy\">Mejora de la salud f\u00edsica<\/span><\/span><\/span><span class=\"css-1jxf684 r-bcqeeo r-1ttztb7 r-qvutc0 r-poiln3 r-a8ghvy\"><span class=\"css-1jxf684 r-bcqeeo r-1ttztb7 r-qvutc0 r-poiln3\">: Aumenta la flexibilidad, fortalece m\u00fasculos y mejora la postura y la circulaci\u00f3n. <\/span><\/span><\/div>\n<\/li>\n<li>\n<div class=\"css-146c3p1 r-bcqeeo r-1ttztb7 r-qvutc0 r-37j5jr r-a023e6 r-rjixqe r-16dba41\" dir=\"ltr\"><span class=\"css-1jxf684 r-bcqeeo r-1ttztb7 r-qvutc0 r-poiln3 r-b88u0q r-a8ghvy\"><span class=\"css-1jxf684 r-bcqeeo r-1ttztb7 r-qvutc0 r-poiln3\"><span class=\"css-1jxf684 r-bcqeeo r-1ttztb7 r-qvutc0 r-poiln3 r-a8ghvy\">Equilibrio emocional<\/span><\/span><\/span><span class=\"css-1jxf684 r-bcqeeo r-1ttztb7 r-qvutc0 r-poiln3 r-a8ghvy\"><span class=\"css-1jxf684 r-bcqeeo r-1ttztb7 r-qvutc0 r-poiln3\">: Fomenta la resiliencia emocional y ayuda a gestionar emociones dif\u00edciles. <\/span><\/span><\/div>\n<\/li>\n<li>\n<div class=\"css-146c3p1 r-bcqeeo r-1ttztb7 r-qvutc0 r-37j5jr r-a023e6 r-rjixqe r-16dba41\" dir=\"ltr\"><span class=\"css-1jxf684 r-bcqeeo r-1ttztb7 r-qvutc0 r-poiln3 r-b88u0q r-a8ghvy\"><span class=\"css-1jxf684 r-bcqeeo r-1ttztb7 r-qvutc0 r-poiln3\"><span class=\"css-1jxf684 r-bcqeeo r-1ttztb7 r-qvutc0 r-poiln3 r-a8ghvy\">Mayor claridad y enfoque<\/span><\/span><\/span><span class=\"css-1jxf684 r-bcqeeo r-1ttztb7 r-qvutc0 r-poiln3 r-a8ghvy\"><span class=\"css-1jxf684 r-bcqeeo r-1ttztb7 r-qvutc0 r-poiln3\">: Mejora la concentraci\u00f3n y la toma de decisiones a trav\u00e9s de la atenci\u00f3n plena. <\/span><\/span><\/div>\n<\/li>\n<li>\n<div class=\"css-146c3p1 r-bcqeeo r-1ttztb7 r-qvutc0 r-37j5jr r-a023e6 r-rjixqe r-16dba41\" dir=\"ltr\"><span class=\"css-1jxf684 r-bcqeeo r-1ttztb7 r-qvutc0 r-poiln3 r-b88u0q r-a8ghvy\"><span class=\"css-1jxf684 r-bcqeeo r-1ttztb7 r-qvutc0 r-poiln3\"><span class=\"css-1jxf684 r-bcqeeo r-1ttztb7 r-qvutc0 r-poiln3 r-a8ghvy\">Conexi\u00f3n espiritual<\/span><\/span><\/span><span class=\"css-1jxf684 r-bcqeeo r-1ttztb7 r-qvutc0 r-poiln3 r-a8ghvy\"><span class=\"css-1jxf684 r-bcqeeo r-1ttztb7 r-qvutc0 r-poiln3\">: Profundiza la conexi\u00f3n contigo mismo\/a y con el universo, nutriendo tu paz interior.<\/span><\/span><\/div>\n<\/li>\n<\/ol>\n<\/div>\n<p>[\/vc_column_text][vc_text_separator title=\u00bb\u00a1Transforma tu Vida con Nuestro Curso de Yoga y Meditaci\u00f3n!\u00bb color=\u00bbchino\u00bb css=\u00bb\u00bb][\/vc_column][\/vc_row][vc_row][vc_column width=\u00bb1\/2&#8243;][vc_column_text css=\u00bb\u00bb]<\/p>\n<div>\n<div class=\"css-146c3p1 r-bcqeeo r-1ttztb7 r-qvutc0 r-37j5jr r-a023e6 r-16dba41 r-1adg3ll r-1b5gpbm r-a8ghvy\" dir=\"ltr\"><span class=\"css-1jxf684 r-bcqeeo r-1ttztb7 r-qvutc0 r-poiln3\"><span class=\"css-1jxf684 r-bcqeeo r-1ttztb7 r-qvutc0 r-poiln3 r-a8ghvy\">\u00bfBuscas equilibrio, paz y bienestar en tu d\u00eda a d\u00eda? \u00danete a nuestro <\/span><span class=\"css-1jxf684 r-bcqeeo r-1ttztb7 r-qvutc0 r-poiln3 r-b88u0q r-a8ghvy\"><span class=\"css-1jxf684 r-bcqeeo r-1ttztb7 r-qvutc0 r-poiln3 r-a8ghvy\">Curso de Yoga y Meditaci\u00f3n<\/span><\/span><span class=\"css-1jxf684 r-bcqeeo r-1ttztb7 r-qvutc0 r-poiln3 r-a8ghvy\">, una experiencia transformadora dise\u00f1ada para que integres estas pr\u00e1cticas en tu vida, conectes con tu esencia y vivas con mayor plenitud. <\/span><\/span><\/div>\n<div class=\"css-146c3p1 r-bcqeeo r-1ttztb7 r-qvutc0 r-37j5jr r-a023e6 r-16dba41 r-1adg3ll r-1b5gpbm r-a8ghvy\" dir=\"ltr\"><span class=\"css-1jxf684 r-bcqeeo r-1ttztb7 r-qvutc0 r-poiln3\"><span class=\"css-1jxf684 r-bcqeeo r-1ttztb7 r-qvutc0 r-poiln3 r-b88u0q r-a8ghvy\"><span class=\"css-1jxf684 r-bcqeeo r-1ttztb7 r-qvutc0 r-poiln3 r-a8ghvy\">\u00bfQu\u00e9 aprender\u00e1s?<\/span><\/span> <\/span><\/div>\n<ul dir=\"ltr\">\n<li>\n<div class=\"css-146c3p1 r-bcqeeo r-1ttztb7 r-qvutc0 r-37j5jr r-a023e6 r-rjixqe r-16dba41\" dir=\"ltr\"><span class=\"css-1jxf684 r-bcqeeo r-1ttztb7 r-qvutc0 r-poiln3 r-a8ghvy\"><span class=\"css-1jxf684 r-bcqeeo r-1ttztb7 r-qvutc0 r-poiln3\">T\u00e9cnicas de yoga (asanas, pranayama y relajaci\u00f3n) adaptadas a todos los niveles. <\/span><\/span><\/div>\n<\/li>\n<li>\n<div class=\"css-146c3p1 r-bcqeeo r-1ttztb7 r-qvutc0 r-37j5jr r-a023e6 r-rjixqe r-16dba41\" dir=\"ltr\"><span class=\"css-1jxf684 r-bcqeeo r-1ttztb7 r-qvutc0 r-poiln3 r-a8ghvy\"><span class=\"css-1jxf684 r-bcqeeo r-1ttztb7 r-qvutc0 r-poiln3\">Herramientas de meditaci\u00f3n para cultivar la atenci\u00f3n plena y la calma interior. <\/span><\/span><\/div>\n<\/li>\n<li>\n<div class=\"css-146c3p1 r-bcqeeo r-1ttztb7 r-qvutc0 r-37j5jr r-a023e6 r-rjixqe r-16dba41\" dir=\"ltr\"><span class=\"css-1jxf684 r-bcqeeo r-1ttztb7 r-qvutc0 r-poiln3 r-a8ghvy\"><span class=\"css-1jxf684 r-bcqeeo r-1ttztb7 r-qvutc0 r-poiln3\">C\u00f3mo crear una pr\u00e1ctica personal que se adapte a tu ritmo y necesidades. <\/span><\/span><\/div>\n<\/li>\n<li>\n<div class=\"css-146c3p1 r-bcqeeo r-1ttztb7 r-qvutc0 r-37j5jr r-a023e6 r-rjixqe r-16dba41\" dir=\"ltr\"><span class=\"css-1jxf684 r-bcqeeo r-1ttztb7 r-qvutc0 r-poiln3 r-a8ghvy\"><span class=\"css-1jxf684 r-bcqeeo r-1ttztb7 r-qvutc0 r-poiln3\">Principios para llevar la filosof\u00eda del yoga y la meditaci\u00f3n a tu vida cotidiana.<\/span><\/span><\/div>\n<\/li>\n<\/ul>\n<div class=\"css-146c3p1 r-bcqeeo r-1ttztb7 r-qvutc0 r-37j5jr r-a023e6 r-16dba41 r-1adg3ll r-1b5gpbm r-a8ghvy\" dir=\"ltr\"><span class=\"css-1jxf684 r-bcqeeo r-1ttztb7 r-qvutc0 r-poiln3\"><span class=\"css-1jxf684 r-bcqeeo r-1ttztb7 r-qvutc0 r-poiln3 r-b88u0q r-a8ghvy\"><span class=\"css-1jxf684 r-bcqeeo r-1ttztb7 r-qvutc0 r-poiln3 r-a8ghvy\">\u00bfPor qu\u00e9 elegir nuestro curso?<\/span><\/span> <\/span><\/div>\n<ul dir=\"ltr\">\n<li>\n<div class=\"css-146c3p1 r-bcqeeo r-1ttztb7 r-qvutc0 r-37j5jr r-a023e6 r-rjixqe r-16dba41\" dir=\"ltr\"><span class=\"css-1jxf684 r-bcqeeo r-1ttztb7 r-qvutc0 r-poiln3 r-a8ghvy\"><span class=\"css-1jxf684 r-bcqeeo r-1ttztb7 r-qvutc0 r-poiln3\">Clases guiadas por instructores certificados con un enfoque c\u00e1lido y personalizado. <\/span><\/span><\/div>\n<\/li>\n<li>\n<div class=\"css-146c3p1 r-bcqeeo r-1ttztb7 r-qvutc0 r-37j5jr r-a023e6 r-rjixqe r-16dba41\" dir=\"ltr\"><span class=\"css-1jxf684 r-bcqeeo r-1ttztb7 r-qvutc0 r-poiln3 r-a8ghvy\"><span class=\"css-1jxf684 r-bcqeeo r-1ttztb7 r-qvutc0 r-poiln3\">Enfoque pr\u00e1ctico y accesible, ideal para principiantes y practicantes avanzados. <\/span><\/span><\/div>\n<\/li>\n<li>\n<div class=\"css-146c3p1 r-bcqeeo r-1ttztb7 r-qvutc0 r-37j5jr r-a023e6 r-rjixqe r-16dba41\" dir=\"ltr\"><span class=\"css-1jxf684 r-bcqeeo r-1ttztb7 r-qvutc0 r-poiln3 r-a8ghvy\"><span class=\"css-1jxf684 r-bcqeeo r-1ttztb7 r-qvutc0 r-poiln3\">Ambiente de apoyo que te invita a crecer f\u00edsica, mental y espiritualmente.<\/span><\/span><\/div>\n<\/li>\n<\/ul>\n<div class=\"css-146c3p1 r-bcqeeo r-1ttztb7 r-qvutc0 r-37j5jr r-a023e6 r-16dba41 r-1adg3ll r-1b5gpbm r-a8ghvy\" dir=\"ltr\"><span class=\"css-1jxf684 r-bcqeeo r-1ttztb7 r-qvutc0 r-poiln3\"><span class=\"css-1jxf684 r-bcqeeo r-1ttztb7 r-qvutc0 r-poiln3 r-b88u0q r-a8ghvy\"><span class=\"css-1jxf684 r-bcqeeo r-1ttztb7 r-qvutc0 r-poiln3 r-a8ghvy\">Dirigido a:<\/span><\/span><span class=\"css-1jxf684 r-bcqeeo r-1ttztb7 r-qvutc0 r-poiln3 r-a8ghvy\"> Cualquier persona que desee reducir el estr\u00e9s, mejorar su salud y encontrar paz interior, \u00a1sin importar su experiencia previa! <\/span><\/span><\/div>\n<div dir=\"ltr\">\n<div><span class=\"css-1jxf684 r-bcqeeo r-1ttztb7 r-qvutc0 r-poiln3 r-b88u0q r-a8ghvy\"><span class=\"css-1jxf684 r-bcqeeo r-1ttztb7 r-qvutc0 r-poiln3\"><span class=\"css-1jxf684 r-bcqeeo r-1ttztb7 r-qvutc0 r-poiln3 r-a8ghvy\">\u00a1Inscr\u00edbete hoy!<\/span><\/span><\/span><span class=\"css-1jxf684 r-bcqeeo r-1ttztb7 r-qvutc0 r-poiln3 r-a8ghvy\"><span class=\"css-1jxf684 r-bcqeeo r-1ttztb7 r-qvutc0 r-poiln3\"> Reserva tu lugar ahora y comienza tu viaje hacia una vida m\u00e1s equilibrada y consciente.\u00a0<\/span><\/span><\/div>\n<div>\n<div>\n<div class=\"css-146c3p1 r-bcqeeo r-1ttztb7 r-qvutc0 r-37j5jr r-a023e6 r-16dba41 r-1adg3ll r-1b5gpbm r-a8ghvy\" dir=\"ltr\"><strong><span class=\"css-1jxf684 r-bcqeeo r-1ttztb7 r-qvutc0 r-poiln3\"><span class=\"css-1jxf684 r-bcqeeo r-1ttztb7 r-qvutc0 r-poiln3 r-b88u0q r-a8ghvy\"><span class=\"css-1jxf684 r-bcqeeo r-1ttztb7 r-qvutc0 r-poiln3 r-a8ghvy\">\u00a1Tu camino hacia la paz y el bienestar comienza aqu\u00ed!<\/span><\/span> <\/span><\/strong><\/div>\n<div class=\"css-146c3p1 r-bcqeeo r-1ttztb7 r-qvutc0 r-37j5jr r-a023e6 r-16dba41 r-1adg3ll r-a8ghvy r-p1pxzi\" dir=\"ltr\"><\/div>\n<\/div>\n<\/div>\n<\/div>\n<\/div>\n<p>[\/vc_column_text][\/vc_column][\/vc_row]<\/p>\n<\/div>","protected":false},"excerpt":{"rendered":"<p>[vc_row][vc_column][vc_column_text css=\u00bb\u00bb] Yoga y Meditaci\u00f3n son pr\u00e1cticas milenarias que armonizan cuerpo, mente y esp\u00edritu, promoviendo el bienestar integral. El yoga combina posturas f\u00edsicas (asanas), t\u00e9cnicas de respiraci\u00f3n (pranayama) y relajaci\u00f3n para fortalecer el cuerpo y calmar la mente. La meditaci\u00f3n, por su parte, cultiva la atenci\u00f3n plena, la claridad mental y la conexi\u00f3n espiritual, ayudando&hellip;<\/p>\n","protected":false},"author":1,"featured_media":0,"parent":0,"menu_order":0,"comment_status":"closed","ping_status":"closed","template":"","meta":{"footnotes":""},"class_list":["post-771","page","type-page","status-publish","hentry","description-off"],"yoast_head":"<!-- This site is optimized with the Yoast SEO plugin v27.1.1 - https:\/\/yoast.com\/product\/yoast-seo-wordpress\/ -->\n<title>Yoga y Meditaci\u00f3n - Esencia India<\/title>\n<meta name=\"robots\" content=\"index, follow, max-snippet:-1, max-image-preview:large, max-video-preview:-1\" \/>\n<link rel=\"canonical\" href=\"https:\/\/esencia-india.com\/tienda\/yoga-y-meditacion\/\" \/>\n<meta property=\"og:locale\" content=\"es_ES\" \/>\n<meta property=\"og:type\" content=\"article\" \/>\n<meta property=\"og:title\" content=\"Yoga y Meditaci\u00f3n - Esencia India\" \/>\n<meta property=\"og:description\" content=\"[vc_row][vc_column][vc_column_text css=\u00bb\u00bb] Yoga y Meditaci\u00f3n son pr\u00e1cticas milenarias que armonizan cuerpo, mente y esp\u00edritu, promoviendo el bienestar integral. El yoga combina posturas f\u00edsicas (asanas), t\u00e9cnicas de respiraci\u00f3n (pranayama) y relajaci\u00f3n para fortalecer el cuerpo y calmar la mente. La meditaci\u00f3n, por su parte, cultiva la atenci\u00f3n plena, la claridad mental y la conexi\u00f3n espiritual, ayudando&hellip;\" \/>\n<meta property=\"og:url\" content=\"https:\/\/esencia-india.com\/tienda\/yoga-y-meditacion\/\" \/>\n<meta property=\"og:site_name\" content=\"Esencia India\" \/>\n<meta property=\"article:modified_time\" content=\"2025-07-22T19:48:46+00:00\" \/>\n<meta name=\"twitter:card\" content=\"summary_large_image\" \/>\n<meta name=\"twitter:label1\" content=\"Tiempo de lectura\" \/>\n\t<meta name=\"twitter:data1\" content=\"2 minutos\" \/>\n<script type=\"application\/ld+json\" class=\"yoast-schema-graph\">{\"@context\":\"https:\/\/schema.org\",\"@graph\":[{\"@type\":\"WebPage\",\"@id\":\"https:\/\/esencia-india.com\/tienda\/yoga-y-meditacion\/\",\"url\":\"https:\/\/esencia-india.com\/tienda\/yoga-y-meditacion\/\",\"name\":\"Yoga y Meditaci\u00f3n - Esencia India\",\"isPartOf\":{\"@id\":\"https:\/\/esencia-india.com\/tienda\/#website\"},\"datePublished\":\"2025-06-03T07:45:19+00:00\",\"dateModified\":\"2025-07-22T19:48:46+00:00\",\"breadcrumb\":{\"@id\":\"https:\/\/esencia-india.com\/tienda\/yoga-y-meditacion\/#breadcrumb\"},\"inLanguage\":\"es\",\"potentialAction\":[{\"@type\":\"ReadAction\",\"target\":[\"https:\/\/esencia-india.com\/tienda\/yoga-y-meditacion\/\"]}]},{\"@type\":\"BreadcrumbList\",\"@id\":\"https:\/\/esencia-india.com\/tienda\/yoga-y-meditacion\/#breadcrumb\",\"itemListElement\":[{\"@type\":\"ListItem\",\"position\":1,\"name\":\"Portada\",\"item\":\"https:\/\/esencia-india.com\/tienda\/\"},{\"@type\":\"ListItem\",\"position\":2,\"name\":\"Yoga y Meditaci\u00f3n\"}]},{\"@type\":\"WebSite\",\"@id\":\"https:\/\/esencia-india.com\/tienda\/#website\",\"url\":\"https:\/\/esencia-india.com\/tienda\/\",\"name\":\"Esencia India\",\"description\":\"Villa Gesell\",\"potentialAction\":[{\"@type\":\"SearchAction\",\"target\":{\"@type\":\"EntryPoint\",\"urlTemplate\":\"https:\/\/esencia-india.com\/tienda\/?s={search_term_string}\"},\"query-input\":{\"@type\":\"PropertyValueSpecification\",\"valueRequired\":true,\"valueName\":\"search_term_string\"}}],\"inLanguage\":\"es\"}]}<\/script>\n<!-- \/ Yoast SEO plugin. -->","yoast_head_json":{"title":"Yoga y Meditaci\u00f3n - Esencia India","robots":{"index":"index","follow":"follow","max-snippet":"max-snippet:-1","max-image-preview":"max-image-preview:large","max-video-preview":"max-video-preview:-1"},"canonical":"https:\/\/esencia-india.com\/tienda\/yoga-y-meditacion\/","og_locale":"es_ES","og_type":"article","og_title":"Yoga y Meditaci\u00f3n - Esencia India","og_description":"[vc_row][vc_column][vc_column_text css=\u00bb\u00bb] Yoga y Meditaci\u00f3n son pr\u00e1cticas milenarias que armonizan cuerpo, mente y esp\u00edritu, promoviendo el bienestar integral. El yoga combina posturas f\u00edsicas (asanas), t\u00e9cnicas de respiraci\u00f3n (pranayama) y relajaci\u00f3n para fortalecer el cuerpo y calmar la mente. La meditaci\u00f3n, por su parte, cultiva la atenci\u00f3n plena, la claridad mental y la conexi\u00f3n espiritual, ayudando&hellip;","og_url":"https:\/\/esencia-india.com\/tienda\/yoga-y-meditacion\/","og_site_name":"Esencia India","article_modified_time":"2025-07-22T19:48:46+00:00","twitter_card":"summary_large_image","twitter_misc":{"Tiempo de lectura":"2 minutos"},"schema":{"@context":"https:\/\/schema.org","@graph":[{"@type":"WebPage","@id":"https:\/\/esencia-india.com\/tienda\/yoga-y-meditacion\/","url":"https:\/\/esencia-india.com\/tienda\/yoga-y-meditacion\/","name":"Yoga y Meditaci\u00f3n - Esencia India","isPartOf":{"@id":"https:\/\/esencia-india.com\/tienda\/#website"},"datePublished":"2025-06-03T07:45:19+00:00","dateModified":"2025-07-22T19:48:46+00:00","breadcrumb":{"@id":"https:\/\/esencia-india.com\/tienda\/yoga-y-meditacion\/#breadcrumb"},"inLanguage":"es","potentialAction":[{"@type":"ReadAction","target":["https:\/\/esencia-india.com\/tienda\/yoga-y-meditacion\/"]}]},{"@type":"BreadcrumbList","@id":"https:\/\/esencia-india.com\/tienda\/yoga-y-meditacion\/#breadcrumb","itemListElement":[{"@type":"ListItem","position":1,"name":"Portada","item":"https:\/\/esencia-india.com\/tienda\/"},{"@type":"ListItem","position":2,"name":"Yoga y Meditaci\u00f3n"}]},{"@type":"WebSite","@id":"https:\/\/esencia-india.com\/tienda\/#website","url":"https:\/\/esencia-india.com\/tienda\/","name":"Esencia India","description":"Villa Gesell","potentialAction":[{"@type":"SearchAction","target":{"@type":"EntryPoint","urlTemplate":"https:\/\/esencia-india.com\/tienda\/?s={search_term_string}"},"query-input":{"@type":"PropertyValueSpecification","valueRequired":true,"valueName":"search_term_string"}}],"inLanguage":"es"}]}},"_links":{"self":[{"href":"https:\/\/esencia-india.com\/tienda\/wp-json\/wp\/v2\/pages\/771","targetHints":{"allow":["GET"]}}],"collection":[{"href":"https:\/\/esencia-india.com\/tienda\/wp-json\/wp\/v2\/pages"}],"about":[{"href":"https:\/\/esencia-india.com\/tienda\/wp-json\/wp\/v2\/types\/page"}],"author":[{"embeddable":true,"href":"https:\/\/esencia-india.com\/tienda\/wp-json\/wp\/v2\/users\/1"}],"replies":[{"embeddable":true,"href":"https:\/\/esencia-india.com\/tienda\/wp-json\/wp\/v2\/comments?post=771"}],"version-history":[{"count":6,"href":"https:\/\/esencia-india.com\/tienda\/wp-json\/wp\/v2\/pages\/771\/revisions"}],"predecessor-version":[{"id":3548,"href":"https:\/\/esencia-india.com\/tienda\/wp-json\/wp\/v2\/pages\/771\/revisions\/3548"}],"wp:attachment":[{"href":"https:\/\/esencia-india.com\/tienda\/wp-json\/wp\/v2\/media?parent=771"}],"curies":[{"name":"wp","href":"https:\/\/api.w.org\/{rel}","templated":true}]}}