{"id":3627,"date":"2025-08-08T20:31:54","date_gmt":"2025-08-08T23:31:54","guid":{"rendered":"https:\/\/esencia-india.com\/?page_id=3627"},"modified":"2025-08-08T20:46:03","modified_gmt":"2025-08-08T23:46:03","slug":"nosotros","status":"publish","type":"page","link":"https:\/\/esencia-india.com\/tienda\/nosotros\/","title":{"rendered":"Nosotros"},"content":{"rendered":"<div class=\"wpb-content-wrapper\"><p>[vc_row][vc_column width=\u00bb2\/3&#8243;][vc_column_text css=\u00bb\u00bb]<\/p>\n<p data-start=\"216\" data-end=\"566\">Somos dos emprendedores unidos por la pasi\u00f3n por el bienestar, la energ\u00eda consciente y el poder de lo simple. Esta tienda naci\u00f3 del deseo genuino de compartir lo que forma parte de nuestra vida diaria: sahumerios, velas, cristales y otros elementos que nos acompa\u00f1an en nuestra pr\u00e1ctica de yoga, meditaci\u00f3n y en la creaci\u00f3n de espacios con intenci\u00f3n.<\/p>\n<p data-start=\"568\" data-end=\"729\">No ofrecemos productos al azar: cada art\u00edculo que ves aqu\u00ed ha sido elegido porque lo usamos, lo sentimos y creemos que tambi\u00e9n puede aportar armon\u00eda a tu vida.<\/p>\n<p data-start=\"731\" data-end=\"948\">M\u00e1s que una tienda, este proyecto es una extensi\u00f3n de nuestro camino personal y espiritual. Queremos que cada esencia, cada llama y cada aroma te invite a conectar contigo mismo\/a y a crear tu propio refugio de calma.<\/p>\n<p data-start=\"950\" data-end=\"1004\">Gracias por estar aqu\u00ed y ser parte de esta energ\u00eda. \ud83c\udf3f<\/p>\n<p>[\/vc_column_text][\/vc_column][vc_column width=\u00bb1\/3&#8243;][vc_single_image image=\u00bb3635&#8243; img_size=\u00bbfull\u00bb css=\u00bb\u00bb][\/vc_column][\/vc_row]<\/p>\n<\/div>","protected":false},"excerpt":{"rendered":"<p>[vc_row][vc_column width=\u00bb2\/3&#8243;][vc_column_text css=\u00bb\u00bb] Somos dos emprendedores unidos por la pasi\u00f3n por el bienestar, la energ\u00eda consciente y el poder de lo simple. Esta tienda naci\u00f3 del deseo genuino de compartir lo que forma parte de nuestra vida diaria: sahumerios, velas, cristales y otros elementos que nos acompa\u00f1an en nuestra pr\u00e1ctica de yoga, meditaci\u00f3n y en&hellip;<\/p>\n","protected":false},"author":1,"featured_media":0,"parent":0,"menu_order":0,"comment_status":"closed","ping_status":"closed","template":"","meta":{"footnotes":""},"class_list":["post-3627","page","type-page","status-publish","hentry","description-off"],"yoast_head":"<!-- This site is optimized with the Yoast SEO plugin v27.1.1 - https:\/\/yoast.com\/product\/yoast-seo-wordpress\/ -->\n<title>Nosotros - Esencia India<\/title>\n<meta name=\"description\" content=\"M\u00e1s que una tienda, este proyecto es una extensi\u00f3n de nuestro camino personal y espiritual. Queremos que cada esencia, cada llama y cada aroma te invite a conectar contigo mismo\/a y a crear tu propio refugio de calma.\" \/>\n<meta name=\"robots\" content=\"index, follow, max-snippet:-1, max-image-preview:large, max-video-preview:-1\" \/>\n<link rel=\"canonical\" href=\"https:\/\/esencia-india.com\/tienda\/nosotros\/\" \/>\n<meta property=\"og:locale\" content=\"es_ES\" \/>\n<meta property=\"og:type\" content=\"article\" \/>\n<meta property=\"og:title\" content=\"Nosotros - Esencia India\" \/>\n<meta property=\"og:description\" content=\"M\u00e1s que una tienda, este proyecto es una extensi\u00f3n de nuestro camino personal y espiritual. Queremos que cada esencia, cada llama y cada aroma te invite a conectar contigo mismo\/a y a crear tu propio refugio de calma.\" \/>\n<meta property=\"og:url\" content=\"https:\/\/esencia-india.com\/tienda\/nosotros\/\" \/>\n<meta property=\"og:site_name\" content=\"Esencia India\" \/>\n<meta property=\"article:modified_time\" content=\"2025-08-08T23:46:03+00:00\" \/>\n<meta name=\"twitter:card\" content=\"summary_large_image\" \/>\n<meta name=\"twitter:label1\" content=\"Tiempo de lectura\" \/>\n\t<meta name=\"twitter:data1\" content=\"1 minuto\" \/>\n<script type=\"application\/ld+json\" class=\"yoast-schema-graph\">{\"@context\":\"https:\/\/schema.org\",\"@graph\":[{\"@type\":\"WebPage\",\"@id\":\"https:\/\/esencia-india.com\/tienda\/nosotros\/\",\"url\":\"https:\/\/esencia-india.com\/tienda\/nosotros\/\",\"name\":\"Nosotros - Esencia India\",\"isPartOf\":{\"@id\":\"https:\/\/esencia-india.com\/tienda\/#website\"},\"datePublished\":\"2025-08-08T23:31:54+00:00\",\"dateModified\":\"2025-08-08T23:46:03+00:00\",\"description\":\"M\u00e1s que una tienda, este proyecto es una extensi\u00f3n de nuestro camino personal y espiritual. Queremos que cada esencia, cada llama y cada aroma te invite a conectar contigo mismo\/a y a crear tu propio refugio de calma.\",\"breadcrumb\":{\"@id\":\"https:\/\/esencia-india.com\/tienda\/nosotros\/#breadcrumb\"},\"inLanguage\":\"es\",\"potentialAction\":[{\"@type\":\"ReadAction\",\"target\":[\"https:\/\/esencia-india.com\/tienda\/nosotros\/\"]}]},{\"@type\":\"BreadcrumbList\",\"@id\":\"https:\/\/esencia-india.com\/tienda\/nosotros\/#breadcrumb\",\"itemListElement\":[{\"@type\":\"ListItem\",\"position\":1,\"name\":\"Portada\",\"item\":\"https:\/\/esencia-india.com\/tienda\/\"},{\"@type\":\"ListItem\",\"position\":2,\"name\":\"Nosotros\"}]},{\"@type\":\"WebSite\",\"@id\":\"https:\/\/esencia-india.com\/tienda\/#website\",\"url\":\"https:\/\/esencia-india.com\/tienda\/\",\"name\":\"Esencia India\",\"description\":\"Villa Gesell\",\"potentialAction\":[{\"@type\":\"SearchAction\",\"target\":{\"@type\":\"EntryPoint\",\"urlTemplate\":\"https:\/\/esencia-india.com\/tienda\/?s={search_term_string}\"},\"query-input\":{\"@type\":\"PropertyValueSpecification\",\"valueRequired\":true,\"valueName\":\"search_term_string\"}}],\"inLanguage\":\"es\"}]}<\/script>\n<!-- \/ Yoast SEO plugin. -->","yoast_head_json":{"title":"Nosotros - Esencia India","description":"M\u00e1s que una tienda, este proyecto es una extensi\u00f3n de nuestro camino personal y espiritual. Queremos que cada esencia, cada llama y cada aroma te invite a conectar contigo mismo\/a y a crear tu propio refugio de calma.","robots":{"index":"index","follow":"follow","max-snippet":"max-snippet:-1","max-image-preview":"max-image-preview:large","max-video-preview":"max-video-preview:-1"},"canonical":"https:\/\/esencia-india.com\/tienda\/nosotros\/","og_locale":"es_ES","og_type":"article","og_title":"Nosotros - Esencia India","og_description":"M\u00e1s que una tienda, este proyecto es una extensi\u00f3n de nuestro camino personal y espiritual. Queremos que cada esencia, cada llama y cada aroma te invite a conectar contigo mismo\/a y a crear tu propio refugio de calma.","og_url":"https:\/\/esencia-india.com\/tienda\/nosotros\/","og_site_name":"Esencia India","article_modified_time":"2025-08-08T23:46:03+00:00","twitter_card":"summary_large_image","twitter_misc":{"Tiempo de lectura":"1 minuto"},"schema":{"@context":"https:\/\/schema.org","@graph":[{"@type":"WebPage","@id":"https:\/\/esencia-india.com\/tienda\/nosotros\/","url":"https:\/\/esencia-india.com\/tienda\/nosotros\/","name":"Nosotros - Esencia India","isPartOf":{"@id":"https:\/\/esencia-india.com\/tienda\/#website"},"datePublished":"2025-08-08T23:31:54+00:00","dateModified":"2025-08-08T23:46:03+00:00","description":"M\u00e1s que una tienda, este proyecto es una extensi\u00f3n de nuestro camino personal y espiritual. Queremos que cada esencia, cada llama y cada aroma te invite a conectar contigo mismo\/a y a crear tu propio refugio de calma.","breadcrumb":{"@id":"https:\/\/esencia-india.com\/tienda\/nosotros\/#breadcrumb"},"inLanguage":"es","potentialAction":[{"@type":"ReadAction","target":["https:\/\/esencia-india.com\/tienda\/nosotros\/"]}]},{"@type":"BreadcrumbList","@id":"https:\/\/esencia-india.com\/tienda\/nosotros\/#breadcrumb","itemListElement":[{"@type":"ListItem","position":1,"name":"Portada","item":"https:\/\/esencia-india.com\/tienda\/"},{"@type":"ListItem","position":2,"name":"Nosotros"}]},{"@type":"WebSite","@id":"https:\/\/esencia-india.com\/tienda\/#website","url":"https:\/\/esencia-india.com\/tienda\/","name":"Esencia India","description":"Villa Gesell","potentialAction":[{"@type":"SearchAction","target":{"@type":"EntryPoint","urlTemplate":"https:\/\/esencia-india.com\/tienda\/?s={search_term_string}"},"query-input":{"@type":"PropertyValueSpecification","valueRequired":true,"valueName":"search_term_string"}}],"inLanguage":"es"}]}},"_links":{"self":[{"href":"https:\/\/esencia-india.com\/tienda\/wp-json\/wp\/v2\/pages\/3627","targetHints":{"allow":["GET"]}}],"collection":[{"href":"https:\/\/esencia-india.com\/tienda\/wp-json\/wp\/v2\/pages"}],"about":[{"href":"https:\/\/esencia-india.com\/tienda\/wp-json\/wp\/v2\/types\/page"}],"author":[{"embeddable":true,"href":"https:\/\/esencia-india.com\/tienda\/wp-json\/wp\/v2\/users\/1"}],"replies":[{"embeddable":true,"href":"https:\/\/esencia-india.com\/tienda\/wp-json\/wp\/v2\/comments?post=3627"}],"version-history":[{"count":8,"href":"https:\/\/esencia-india.com\/tienda\/wp-json\/wp\/v2\/pages\/3627\/revisions"}],"predecessor-version":[{"id":3637,"href":"https:\/\/esencia-india.com\/tienda\/wp-json\/wp\/v2\/pages\/3627\/revisions\/3637"}],"wp:attachment":[{"href":"https:\/\/esencia-india.com\/tienda\/wp-json\/wp\/v2\/media?parent=3627"}],"curies":[{"name":"wp","href":"https:\/\/api.w.org\/{rel}","templated":true}]}}